{"id":731,"date":"2018-03-20T11:47:56","date_gmt":"2018-03-20T11:47:56","guid":{"rendered":"http:\/\/wphonlap.eu\/compliance\/tisztsegviselok\/"},"modified":"2025-02-12T19:53:26","modified_gmt":"2025-02-12T19:53:26","slug":"office-holders","status":"publish","type":"page","link":"https:\/\/www.compliancetarsasag.hu\/en\/office-holders\/","title":{"rendered":"Office-holders"},"content":{"rendered":"<p>[et_pb_section fb_built=&#8221;1&#8243; _builder_version=&#8221;3.22&#8243; background_color=&#8221;#211c51&#8243; custom_padding=&#8221;30px||30px|&#8221; animation_style=&#8221;fade&#8221; global_colors_info=&#8221;{}&#8221;][et_pb_row _builder_version=&#8221;3.25&#8243; global_colors_info=&#8221;{}&#8221;][et_pb_column type=&#8221;4_4&#8243; _builder_version=&#8221;3.25&#8243; custom_padding=&#8221;|||&#8221; global_colors_info=&#8221;{}&#8221; custom_padding__hover=&#8221;|||&#8221;][et_pb_text _builder_version=&#8221;3.27.4&#8243; text_font=&#8221;|on|||&#8221; text_text_color=&#8221;#211c51&#8243; text_line_height=&#8221;0em&#8221; text_orientation=&#8221;center&#8221; module_alignment=&#8221;center&#8221; global_colors_info=&#8221;{}&#8221;]OFFICE-HOLDERS<br \/>\n[\/et_pb_text][\/et_pb_column][\/et_pb_row][\/et_pb_section][et_pb_section fb_built=&#8221;1&#8243; _builder_version=&#8221;3.22&#8243; custom_padding=&#8221;||74px|||&#8221; global_colors_info=&#8221;{}&#8221;][et_pb_row column_structure=&#8221;1_3,1_3,1_3&#8243; _builder_version=&#8221;3.25&#8243; background_size=&#8221;initial&#8221; background_position=&#8221;top_left&#8221; background_repeat=&#8221;repeat&#8221; custom_padding=&#8221;||0px|||&#8221; global_colors_info=&#8221;{}&#8221;][et_pb_column type=&#8221;1_3&#8243; _builder_version=&#8221;3.25&#8243; custom_padding=&#8221;|||&#8221; global_colors_info=&#8221;{}&#8221; custom_padding__hover=&#8221;|||&#8221;][et_pb_image src=&#8221;https:\/\/www.compliancetarsasag.hu\/wp-content\/uploads\/2023\/07\/1.jpg&#8221; alt=&#8221;dr. S\u00fck\u00f6sd P\u00e9ter&#8221; title_text=&#8221;dr. S\u00fck\u00f6sd P\u00e9ter&#8221; align=&#8221;center&#8221; align_tablet=&#8221;center&#8221; align_phone=&#8221;&#8221; align_last_edited=&#8221;on|desktop&#8221; _builder_version=&#8221;4.10.8&#8243; always_center_on_mobile=&#8221;on&#8221; global_colors_info=&#8221;{}&#8221;][\/et_pb_image][et_pb_text _builder_version=&#8221;4.10.8&#8243; text_font=&#8221;|on|||&#8221; text_text_color=&#8221;#211c51&#8243; text_line_height=&#8221;0.5em&#8221; text_orientation=&#8221;center&#8221; module_alignment=&#8221;center&#8221; custom_padding=&#8221;||6px|||&#8221; global_colors_info=&#8221;{}&#8221;]<\/p>\n<p style=\"text-align: center;\"><strong><span style=\"color: #211c51;\">DR. P\u00c9TER S\u00dcK\u00d6SD<\/span><\/strong><strong><span style=\"color: #211c51;\"><\/span><\/strong><\/p>\n<p style=\"text-align: center;\"><strong><span style=\"color: #878787;\" span=\"\">President<\/span><\/strong><strong><span style=\"color: #878787;\" span=\"\"><\/span><\/strong><\/p>\n<p>[\/et_pb_text][\/et_pb_column][et_pb_column type=&#8221;1_3&#8243; _builder_version=&#8221;3.25&#8243; custom_padding=&#8221;|||&#8221; global_colors_info=&#8221;{}&#8221; custom_padding__hover=&#8221;|||&#8221;][et_pb_image src=&#8221;https:\/\/www.compliancetarsasag.hu\/wp-content\/uploads\/2025\/01\/dr.-Liber-Adam.jpg&#8221; alt=&#8221;dr. Liber \u00c1d\u00e1m&#8221; title_text=&#8221;dr. Liber \u00c1d\u00e1m&#8221; align=&#8221;center&#8221; force_fullwidth=&#8221;on&#8221; align_tablet=&#8221;center&#8221; align_phone=&#8221;&#8221; align_last_edited=&#8221;on|desktop&#8221; _builder_version=&#8221;4.10.8&#8243; always_center_on_mobile=&#8221;on&#8221; global_colors_info=&#8221;{}&#8221;][\/et_pb_image][et_pb_text _builder_version=&#8221;4.10.8&#8243; _module_preset=&#8221;default&#8221; text_font=&#8221;|on|||&#8221; text_text_color=&#8221;#211c51&#8243; text_line_height=&#8221;0.5em&#8221; text_orientation=&#8221;center&#8221; module_alignment=&#8221;center&#8221; global_colors_info=&#8221;{}&#8221;]<\/p>\n<p style=\"text-align: center;\"><span style=\"color: #211c51;\">DR. \u00c1D\u00c1M LIBER<\/span><\/p>\n<p style=\"text-align: center;\"><span style=\"color: #878787;\">Vice-president<\/span><span style=\"color: #878787;\"><\/span><\/p>\n<p style=\"text-align: center;\"><span style=\"color: #878787;\">Head of \u00a0<\/span><span style=\"color: #878787;\">Data Protection Working Group<\/span><\/p>\n<p style=\"text-align: center;\">[\/et_pb_text][\/et_pb_column][et_pb_column type=&#8221;1_3&#8243; _builder_version=&#8221;3.25&#8243; custom_padding=&#8221;|||&#8221; global_colors_info=&#8221;{}&#8221; custom_padding__hover=&#8221;|||&#8221;][et_pb_image src=&#8221;https:\/\/www.compliancetarsasag.hu\/wp-content\/uploads\/2018\/03\/Puskas-Janos-MVCT.jpg&#8221; alt=&#8221;dr. Pusk\u00e1s J\u00e1nos&#8221; title_text=&#8221;dr. Pusk\u00e1s J\u00e1nos&#8221; align=&#8221;center&#8221; force_fullwidth=&#8221;on&#8221; align_tablet=&#8221;center&#8221; align_phone=&#8221;&#8221; align_last_edited=&#8221;on|desktop&#8221; _builder_version=&#8221;4.10.8&#8243; always_center_on_mobile=&#8221;on&#8221; global_colors_info=&#8221;{}&#8221;][\/et_pb_image][et_pb_text _builder_version=&#8221;4.10.8&#8243; text_font=&#8221;|on|||&#8221; text_text_color=&#8221;#211c51&#8243; text_line_height=&#8221;0.5em&#8221; text_orientation=&#8221;center&#8221; module_alignment=&#8221;center&#8221; global_colors_info=&#8221;{}&#8221;]<\/p>\n<p style=\"text-align: center;\"><span style=\"color: #211c51;\">DR. J\u00c1NOS PUSK\u00c1S<\/span><\/p>\n<p style=\"text-align: center;\"><span style=\"color: #878787;\">Vice-president<\/span><\/p>\n<p>[\/et_pb_text][\/et_pb_column][\/et_pb_row][et_pb_row column_structure=&#8221;1_3,1_3,1_3&#8243; _builder_version=&#8221;3.25&#8243; background_size=&#8221;initial&#8221; background_position=&#8221;top_left&#8221; background_repeat=&#8221;repeat&#8221; min_height=&#8221;505px&#8221; custom_margin=&#8221;27px|auto||auto||&#8221; custom_padding=&#8221;6px|||||&#8221; global_colors_info=&#8221;{}&#8221;][et_pb_column type=&#8221;1_3&#8243; _builder_version=&#8221;3.25&#8243; custom_padding=&#8221;|||&#8221; global_colors_info=&#8221;{}&#8221; custom_padding__hover=&#8221;|||&#8221;][et_pb_image src=&#8221;https:\/\/www.compliancetarsasag.hu\/wp-content\/uploads\/2024\/10\/Falucskai-Zoltan.jpg&#8221; alt=&#8221;dr. Falucskai Zolt\u00e1n&#8221; title_text=&#8221;dr. Falucskai Zolt\u00e1n&#8221; align=&#8221;center&#8221; force_fullwidth=&#8221;on&#8221; align_tablet=&#8221;center&#8221; align_phone=&#8221;&#8221; align_last_edited=&#8221;on|desktop&#8221; _builder_version=&#8221;4.10.8&#8243; always_center_on_mobile=&#8221;on&#8221; global_colors_info=&#8221;{}&#8221;][\/et_pb_image][et_pb_text _builder_version=&#8221;4.10.8&#8243; text_font=&#8221;|on|||&#8221; text_text_color=&#8221;#211c51&#8243; text_line_height=&#8221;0.5em&#8221; text_orientation=&#8221;center&#8221; module_alignment=&#8221;center&#8221; custom_padding=&#8221;||23px|||&#8221; global_colors_info=&#8221;{}&#8221;]<\/p>\n<p style=\"text-align: center;\"><span style=\"color: #211c51;\">DR. ZOLT\u00c1N FALUCSKAI<\/span><\/p>\n<p style=\"text-align: center;\"><span style=\"color: #878787;\">Head of <\/span><\/p>\n<p style=\"text-align: center;\"><span style=\"color: #878787;\">Compliance in State Owned\u00a0<\/span><span style=\"color: #878787;\">Enterprises <\/span><\/p>\n<p style=\"text-align: center;\"><span style=\"color: #878787;\">Working Group<\/span><\/p>\n<p>[\/et_pb_text][\/et_pb_column][et_pb_column type=&#8221;1_3&#8243; _builder_version=&#8221;3.25&#8243; custom_padding=&#8221;|||&#8221; global_colors_info=&#8221;{}&#8221; custom_padding__hover=&#8221;|||&#8221;][et_pb_image src=&#8221;https:\/\/www.compliancetarsasag.hu\/wp-content\/uploads\/2021\/09\/helga7.jpg&#8221; alt=&#8221;dr. S\u00fck\u00f6sd P\u00e9ter&#8221; title_text=&#8221;dr. S\u00fck\u00f6sd P\u00e9ter&#8221; align=&#8221;center&#8221; force_fullwidth=&#8221;on&#8221; align_tablet=&#8221;center&#8221; align_phone=&#8221;&#8221; align_last_edited=&#8221;on|desktop&#8221; _builder_version=&#8221;4.10.8&#8243; hover_enabled=&#8221;0&#8243; always_center_on_mobile=&#8221;on&#8221; global_colors_info=&#8221;{}&#8221; sticky_enabled=&#8221;0&#8243;][\/et_pb_image][et_pb_text _builder_version=&#8221;4.10.8&#8243; text_font=&#8221;|on|||&#8221; text_text_color=&#8221;#211c51&#8243; text_line_height=&#8221;0.5em&#8221; text_orientation=&#8221;center&#8221; module_alignment=&#8221;center&#8221; custom_padding=&#8221;||30px|||&#8221; global_colors_info=&#8221;{}&#8221;]<\/p>\n<p style=\"text-align: center;\"><strong><span style=\"color: #211c51;\">DR. HELGA B\u00cdR\u00d3<\/span><\/strong><\/p>\n<p style=\"text-align: center;\"><span style=\"color: #878787;\"><strong>Co-Head of <\/strong><\/span><\/p>\n<p style=\"text-align: center;\"><span style=\"color: #878787;\"><strong>Healthcare and Pharmaceutical <\/strong><\/span><\/p>\n<p style=\"text-align: center;\"><span style=\"color: #878787;\"><strong>Working Group<\/strong><\/span><\/p>\n<p>[\/et_pb_text][\/et_pb_column][et_pb_column type=&#8221;1_3&#8243; _builder_version=&#8221;3.25&#8243; custom_padding=&#8221;|||&#8221; global_colors_info=&#8221;{}&#8221; custom_padding__hover=&#8221;|||&#8221;][et_pb_image src=&#8221;https:\/\/www.compliancetarsasag.hu\/wp-content\/uploads\/2021\/09\/aanna4.jpg&#8221; alt=&#8221;dr. S\u00fck\u00f6sd P\u00e9ter&#8221; title_text=&#8221;dr. S\u00fck\u00f6sd P\u00e9ter&#8221; align=&#8221;center&#8221; force_fullwidth=&#8221;on&#8221; align_tablet=&#8221;center&#8221; align_phone=&#8221;&#8221; align_last_edited=&#8221;on|desktop&#8221; _builder_version=&#8221;4.10.8&#8243; always_center_on_mobile=&#8221;on&#8221; global_colors_info=&#8221;{}&#8221;][\/et_pb_image][et_pb_text _builder_version=&#8221;4.10.8&#8243; text_font=&#8221;|on|||&#8221; text_text_color=&#8221;#211c51&#8243; text_line_height=&#8221;0.5em&#8221; text_orientation=&#8221;center&#8221; module_alignment=&#8221;center&#8221; global_colors_info=&#8221;{}&#8221;]<\/p>\n<p style=\"text-align: center;\"><span style=\"color: #211c51;\">DR. ANNA MIKS<\/span><\/p>\n<p style=\"text-align: center;\"><span style=\"color: #878787;\">\u00a0Head of <\/span><\/p>\n<p style=\"text-align: center;\"><span style=\"color: #878787;\">Competition Law Working Group<\/span><\/p>\n<p>[\/et_pb_text][\/et_pb_column][\/et_pb_row][et_pb_row column_structure=&#8221;1_3,1_3,1_3&#8243; _builder_version=&#8221;3.25&#8243; background_size=&#8221;initial&#8221; background_position=&#8221;top_left&#8221; background_repeat=&#8221;repeat&#8221; custom_margin=&#8221;-14px|auto||auto||&#8221; custom_padding=&#8221;11px|||||&#8221; global_colors_info=&#8221;{}&#8221;][et_pb_column type=&#8221;1_3&#8243; _builder_version=&#8221;3.25&#8243; custom_padding=&#8221;|||&#8221; global_colors_info=&#8221;{}&#8221; custom_padding__hover=&#8221;|||&#8221;][et_pb_image src=&#8221;https:\/\/www.compliancetarsasag.hu\/wp-content\/uploads\/2023\/08\/GH-portre.jpg&#8221; alt=&#8221;dr. Guly\u00e1s-Perisic Helga&#8221; title_text=&#8221;dr. Guly\u00e1s-Perisic Helga&#8221; align=&#8221;center&#8221; align_tablet=&#8221;center&#8221; align_phone=&#8221;&#8221; align_last_edited=&#8221;on|desktop&#8221; _builder_version=&#8221;4.10.8&#8243; _module_preset=&#8221;default&#8221; hover_enabled=&#8221;0&#8243; global_colors_info=&#8221;{}&#8221; sticky_enabled=&#8221;0&#8243;][\/et_pb_image][et_pb_text _builder_version=&#8221;4.10.8&#8243; _module_preset=&#8221;default&#8221; text_font=&#8221;|on|||&#8221; text_text_color=&#8221;#211c51&#8243; text_line_height=&#8221;0.5em&#8221; text_orientation=&#8221;center&#8221; module_alignment=&#8221;center&#8221; custom_padding=&#8221;||35px|||&#8221; global_colors_info=&#8221;{}&#8221;]<\/p>\n<p style=\"text-align: center;\"><strong><span style=\"color: #211c51;\">DR. HELGA GULY\u00c1S-PERISIC<\/span><\/strong><\/p>\n<p style=\"text-align: center;\"><strong style=\"color: #878787;\">Co-Head of<\/strong><\/p>\n<p style=\"text-align: center;\"><strong style=\"color: #878787;\">Healthcare and Pharmaceutical<\/strong><\/p>\n<p style=\"text-align: center;\"><span style=\"color: #878787;\"><strong>Working Group<\/strong><\/span><\/p>\n<p>[\/et_pb_text][\/et_pb_column][et_pb_column type=&#8221;1_3&#8243; _builder_version=&#8221;3.25&#8243; custom_padding=&#8221;|||&#8221; global_colors_info=&#8221;{}&#8221; custom_padding__hover=&#8221;|||&#8221;][et_pb_image src=&#8221;https:\/\/www.compliancetarsasag.hu\/wp-content\/uploads\/2025\/02\/dr.-Varga-Balint_.png&#8221; alt=&#8221;dr. Guly\u00e1s-Perisic Helga&#8221; title_text=&#8221;dr. Varga B\u00e1lint_&#8221; align=&#8221;center&#8221; align_tablet=&#8221;center&#8221; align_phone=&#8221;&#8221; align_last_edited=&#8221;on|desktop&#8221; _builder_version=&#8221;4.10.8&#8243; _module_preset=&#8221;default&#8221; custom_margin=&#8221;||71px|||&#8221; hover_enabled=&#8221;0&#8243; locked=&#8221;off&#8221; global_colors_info=&#8221;{}&#8221; sticky_enabled=&#8221;0&#8243;][\/et_pb_image][et_pb_text _builder_version=&#8221;4.10.8&#8243; _module_preset=&#8221;default&#8221; text_font=&#8221;|on|||&#8221; text_text_color=&#8221;#211c51&#8243; text_line_height=&#8221;0.5em&#8221; text_orientation=&#8221;center&#8221; module_alignment=&#8221;center&#8221; min_height=&#8221;49px&#8221; custom_margin=&#8221;||54px|||&#8221; custom_padding=&#8221;||35px|||&#8221; hover_enabled=&#8221;0&#8243; locked=&#8221;off&#8221; global_colors_info=&#8221;{}&#8221; sticky_enabled=&#8221;0&#8243;]<\/p>\n<p style=\"text-align: center;\"><strong><span style=\"color: #211c51;\">DR. B\u00c1LINT VARGA<\/span><\/strong><\/p>\n<p style=\"text-align: center;\"><strong style=\"color: #878787;\">Head of Consumer Protection<\/strong><\/p>\n<p style=\"text-align: center;\"><strong style=\"color: #878787;\">and Digital Compliance<\/strong><\/p>\n<p style=\"text-align: center;\"><span style=\"color: #878787;\"><strong>Working Group<\/strong><\/span><\/p>\n<p>[\/et_pb_text][\/et_pb_column][et_pb_column type=&#8221;1_3&#8243; _builder_version=&#8221;3.25&#8243; custom_padding=&#8221;|||&#8221; global_colors_info=&#8221;{}&#8221; custom_padding__hover=&#8221;|||&#8221;][\/et_pb_column][\/et_pb_row][\/et_pb_section][et_pb_section fb_built=&#8221;1&#8243; _builder_version=&#8221;3.22&#8243; background_color=&#8221;#211c51&#8243; custom_padding=&#8221;30px||30px|&#8221; global_colors_info=&#8221;{}&#8221;][et_pb_row _builder_version=&#8221;3.25&#8243; custom_margin=&#8221;0px||0px|&#8221; custom_padding=&#8221;0px||0px|&#8221; global_colors_info=&#8221;{}&#8221;][et_pb_column type=&#8221;4_4&#8243; _builder_version=&#8221;3.25&#8243; custom_padding=&#8221;|||&#8221; global_colors_info=&#8221;{}&#8221; custom_padding__hover=&#8221;|||&#8221;][et_pb_image src=&#8221;https:\/\/www.compliancetarsasag.hu\/wp-content\/uploads\/2021\/09\/Magyar-Vallalati-Compliance-Tarsasag-icon_w.png&#8221; alt=&#8221;dr. S\u00fck\u00f6sd P\u00e9ter&#8221; title_text=&#8221;dr. S\u00fck\u00f6sd P\u00e9ter&#8221; align=&#8221;center&#8221; align_tablet=&#8221;center&#8221; align_phone=&#8221;&#8221; align_last_edited=&#8221;on|desktop&#8221; _builder_version=&#8221;4.10.8&#8243; border_style=&#8221;solid&#8221; sticky=&#8221;off&#8221; always_center_on_mobile=&#8221;on&#8221; global_colors_info=&#8221;{}&#8221;][\/et_pb_image][et_pb_text _builder_version=&#8221;3.27.4&#8243; text_font=&#8221;|on|||&#8221; text_text_color=&#8221;#211c51&#8243; text_line_height=&#8221;0em&#8221; text_orientation=&#8221;center&#8221; module_alignment=&#8221;center&#8221; global_colors_info=&#8221;{}&#8221;]<\/p>\n<p style=\"text-align: center;\"><span style=\"color: #ffffff;\">All rights reserved.<\/span><\/p>\n<p>[\/et_pb_text][\/et_pb_column][\/et_pb_row][\/et_pb_section]<\/p>\n","protected":false},"excerpt":{"rendered":"<p>OFFICE-HOLDERS DR. P\u00c9TER S\u00dcK\u00d6SD PresidentDR. \u00c1D\u00c1M LIBER Vice-president Head of \u00a0Data Protection Working Group DR. J\u00c1NOS PUSK\u00c1S Vice-presidentDR. ZOLT\u00c1N FALUCSKAI Head of Compliance in State Owned\u00a0Enterprises Working GroupDR. HELGA B\u00cdR\u00d3 Co-Head of Healthcare and Pharmaceutical Working GroupDR. ANNA MIKS \u00a0Head of Competition Law Working GroupDR. HELGA GULY\u00c1S-PERISIC Co-Head of Healthcare and Pharmaceutical Working GroupDR. B\u00c1LINT [&hellip;]<\/p>\n","protected":false},"author":4,"featured_media":0,"parent":0,"menu_order":0,"comment_status":"closed","ping_status":"closed","template":"","meta":{"_et_pb_use_builder":"on","_et_pb_old_content":"","_et_gb_content_width":"","footnotes":""},"class_list":["post-731","page","type-page","status-publish","hentry"],"_links":{"self":[{"href":"https:\/\/www.compliancetarsasag.hu\/en\/wp-json\/wp\/v2\/pages\/731","targetHints":{"allow":["GET"]}}],"collection":[{"href":"https:\/\/www.compliancetarsasag.hu\/en\/wp-json\/wp\/v2\/pages"}],"about":[{"href":"https:\/\/www.compliancetarsasag.hu\/en\/wp-json\/wp\/v2\/types\/page"}],"author":[{"embeddable":true,"href":"https:\/\/www.compliancetarsasag.hu\/en\/wp-json\/wp\/v2\/users\/4"}],"replies":[{"embeddable":true,"href":"https:\/\/www.compliancetarsasag.hu\/en\/wp-json\/wp\/v2\/comments?post=731"}],"version-history":[{"count":28,"href":"https:\/\/www.compliancetarsasag.hu\/en\/wp-json\/wp\/v2\/pages\/731\/revisions"}],"predecessor-version":[{"id":2189,"href":"https:\/\/www.compliancetarsasag.hu\/en\/wp-json\/wp\/v2\/pages\/731\/revisions\/2189"}],"wp:attachment":[{"href":"https:\/\/www.compliancetarsasag.hu\/en\/wp-json\/wp\/v2\/media?parent=731"}],"curies":[{"name":"wp","href":"https:\/\/api.w.org\/{rel}","templated":true}]}}